{"id":2798,"date":"2021-09-11T01:27:23","date_gmt":"2021-09-11T01:27:23","guid":{"rendered":"https:\/\/ateneapapeleria.com\/?page_id=2798"},"modified":"2024-03-21T01:03:36","modified_gmt":"2024-03-21T01:03:36","slug":"terminos-y-condiciones","status":"publish","type":"page","link":"https:\/\/ateneapapeleria.com\/index.php\/terminos-y-condiciones\/","title":{"rendered":"Contactos"},"content":{"rendered":"\n<p>Atenea Papeler\u00eda es el nombre comercial del almac\u00e9n de venta de insumos de papeler\u00eda, mercer\u00eda y \u00fatiles escolares. Registrado ante la C\u00e1mara de Comercio de Buga. R\u00e9gimen Com\u00fan ante la DIAN. Operamos con todas las garant\u00edas legales del caso. <\/p>\n\n\n\n<p>Realizamos facturaci\u00f3n Electr\u00f3nica y POS para ventas al detal.  <\/p>\n\n\n\n<p><strong>Mayor informaci\u00f3n:<\/strong><\/p>\n\n\n\n<p>Tel\u00e9fono: 319 460 7004  E-mail: <a href=\"mailto:almacenesatenea@gmail.com\" target=\"_blank\" rel=\"noopener\" title=\"\">almacenesatenea@gmail.com<\/a> Ginebra Cra. 3 con calle 8 esquina.<\/p>\n\n\n\n<p><\/p>\n\n\n\n<figure class=\"wp-block-image size-large\"><img data-recalc-dims=\"1\" loading=\"lazy\" decoding=\"async\" width=\"800\" height=\"127\" src=\"https:\/\/i0.wp.com\/ateneapapeleria.com\/wp-content\/uploads\/2024\/03\/7790539cf955f5a72fecad4fbea61be3-1.jpg?resize=800%2C127&#038;ssl=1\" alt=\"\" class=\"wp-image-3114\" srcset=\"https:\/\/i0.wp.com\/ateneapapeleria.com\/wp-content\/uploads\/2024\/03\/7790539cf955f5a72fecad4fbea61be3-1.jpg?resize=1024%2C163&amp;ssl=1 1024w, https:\/\/i0.wp.com\/ateneapapeleria.com\/wp-content\/uploads\/2024\/03\/7790539cf955f5a72fecad4fbea61be3-1.jpg?resize=300%2C48&amp;ssl=1 300w, https:\/\/i0.wp.com\/ateneapapeleria.com\/wp-content\/uploads\/2024\/03\/7790539cf955f5a72fecad4fbea61be3-1.jpg?resize=768%2C122&amp;ssl=1 768w, https:\/\/i0.wp.com\/ateneapapeleria.com\/wp-content\/uploads\/2024\/03\/7790539cf955f5a72fecad4fbea61be3-1.jpg?resize=600%2C96&amp;ssl=1 600w, https:\/\/i0.wp.com\/ateneapapeleria.com\/wp-content\/uploads\/2024\/03\/7790539cf955f5a72fecad4fbea61be3-1.jpg?w=1110&amp;ssl=1 1110w\" sizes=\"auto, (max-width: 800px) 100vw, 800px\" \/><\/figure>\n\n\n<div class=\"wp-block-jetpack-contact-form\"><a href=\"https:\/\/ateneapapeleria.com\/index.php\/terminos-y-condiciones\/\" target=\"_blank\" rel=\"noopener noreferrer\">Submit a form.<\/a><\/div>\n\n\n<p><em><strong><a href=\"https:\/\/www.google.com\/maps\/place\/Papeleria+Atenea\/@3.7248637,-76.2666549,3a,75y,357.39h,90t\/data=!3m7!1e1!3m5!1s5vcqTwX6MEs4M9epLrCZIQ!2e0!6shttps:%2F%2Fstreetviewpixels-pa.googleapis.com%2Fv1%2Fthumbnail%3Fpanoid%3D5vcqTwX6MEs4M9epLrCZIQ%26cb_client%3Dmaps_sv.tactile.gps%26w%3D203%26h%3D100%26yaw%3D357.39102%26pitch%3D0%26thumbfov%3D100!7i13312!8i6656!4m7!3m6!1s0x8e39f0a8bda3bc3f:0xa532cbe7b0eb2895!8m2!3d3.7249314!4d-76.2666532!10e5!16s%2Fg%2F11b8t53y66?entry=ttu\" target=\"_blank\" rel=\"noopener\" title=\"GOOGLE MAPS \">GOOGLE MAPS <\/a><\/strong><\/em><\/p>\n\n\n\n<p><\/p>\n","protected":false},"excerpt":{"rendered":"<p>Atenea Papeler\u00eda es el nombre comercial del almac\u00e9n de venta de insumos de papeler\u00eda, mercer\u00eda y \u00fatiles escolares. Registrado ante<\/p>\n","protected":false},"author":1,"featured_media":0,"parent":0,"menu_order":0,"comment_status":"closed","ping_status":"closed","template":"","meta":{"colormag_page_layout":"default_layout","footnotes":""},"class_list":["post-2798","page","type-page","status-publish","hentry"],"aioseo_notices":[],"jetpack-related-posts":[],"jetpack_sharing_enabled":true,"_links":{"self":[{"href":"https:\/\/ateneapapeleria.com\/index.php\/wp-json\/wp\/v2\/pages\/2798","targetHints":{"allow":["GET"]}}],"collection":[{"href":"https:\/\/ateneapapeleria.com\/index.php\/wp-json\/wp\/v2\/pages"}],"about":[{"href":"https:\/\/ateneapapeleria.com\/index.php\/wp-json\/wp\/v2\/types\/page"}],"author":[{"embeddable":true,"href":"https:\/\/ateneapapeleria.com\/index.php\/wp-json\/wp\/v2\/users\/1"}],"replies":[{"embeddable":true,"href":"https:\/\/ateneapapeleria.com\/index.php\/wp-json\/wp\/v2\/comments?post=2798"}],"version-history":[{"count":7,"href":"https:\/\/ateneapapeleria.com\/index.php\/wp-json\/wp\/v2\/pages\/2798\/revisions"}],"predecessor-version":[{"id":3152,"href":"https:\/\/ateneapapeleria.com\/index.php\/wp-json\/wp\/v2\/pages\/2798\/revisions\/3152"}],"wp:attachment":[{"href":"https:\/\/ateneapapeleria.com\/index.php\/wp-json\/wp\/v2\/media?parent=2798"}],"curies":[{"name":"wp","href":"https:\/\/api.w.org\/{rel}","templated":true}]}}