{"id":2880,"date":"2024-03-18T23:34:07","date_gmt":"2024-03-18T23:34:07","guid":{"rendered":"https:\/\/ateneapapeleria.com\/?page_id=2880"},"modified":"2024-03-21T15:13:27","modified_gmt":"2024-03-21T15:13:27","slug":"sistecredito","status":"publish","type":"page","link":"https:\/\/ateneapapeleria.com\/index.php\/sistecredito\/","title":{"rendered":"Sistecr\u00e9dito"},"content":{"rendered":"\n<figure class=\"wp-block-image size-large\"><img data-recalc-dims=\"1\" loading=\"lazy\" decoding=\"async\" width=\"800\" height=\"213\" src=\"https:\/\/i0.wp.com\/ateneapapeleria.com\/wp-content\/uploads\/2024\/03\/sistecredito-logo-2.png?resize=800%2C213&#038;ssl=1\" alt=\"\" class=\"wp-image-2972\" srcset=\"https:\/\/i0.wp.com\/ateneapapeleria.com\/wp-content\/uploads\/2024\/03\/sistecredito-logo-2.png?resize=1024%2C273&amp;ssl=1 1024w, https:\/\/i0.wp.com\/ateneapapeleria.com\/wp-content\/uploads\/2024\/03\/sistecredito-logo-2.png?resize=300%2C80&amp;ssl=1 300w, https:\/\/i0.wp.com\/ateneapapeleria.com\/wp-content\/uploads\/2024\/03\/sistecredito-logo-2.png?resize=768%2C204&amp;ssl=1 768w, https:\/\/i0.wp.com\/ateneapapeleria.com\/wp-content\/uploads\/2024\/03\/sistecredito-logo-2.png?resize=600%2C160&amp;ssl=1 600w, https:\/\/i0.wp.com\/ateneapapeleria.com\/wp-content\/uploads\/2024\/03\/sistecredito-logo-2.png?w=1052&amp;ssl=1 1052w\" sizes=\"auto, (max-width: 800px) 100vw, 800px\" \/><\/figure>\n\n\n\n<p>Lleva tus productos, y p\u00e1galos en cuotas hasta por 4 meses.<\/p>\n\n\n\n<p>En ATENEA PAPELER\u00cdA puedes realizar tus compras con Sistecr\u00e9dito.<\/p>\n\n\n\n<p>CONDICIONES: <\/p>\n\n\n\n<ol class=\"wp-block-list\">\n<li>Antes de realizar el pedido, ac\u00e9rcate a la caja para que revisen tu estado actual en la plataforma Sistecr\u00e9dito.  <\/li>\n\n\n\n<li>El cr\u00e9dito debe ser solicitado personalmente por la persona que aparece registrada en el sistema. Debe presentar cedula de ciudadan\u00eda f\u00edsica. <\/li>\n\n\n\n<li>El cliente debe firmar el pagar\u00e9 y colocar su huella dactilar, este requisito es inapelable. <\/li>\n\n\n\n<li>No se entrega ning\u00fan art\u00edculo si no hay firma y huella del solicitante registrado en Sistecr\u00e9dito. (No hay entregas a terceros)<\/li>\n\n\n\n<li>Las cuotas est\u00e1n sujetas a las restricciones de Sistecr\u00e9dito y a criterios de la administraci\u00f3n de Atenea Papeler\u00eda. <\/li>\n\n\n\n<li>No se hacen domicilios o ventas remotas con el sistema Sistecr\u00e9dito. <\/li>\n\n\n\n<li>Atenea Papeler\u00eda se reserva el derecho de clasificar los art\u00edculos que se vendan con esta metodolog\u00eda.<\/li>\n\n\n\n<li>Los pagos los puede hacer directamente en el almac\u00e9n, o puede disponer de los canales dispuestos por Sistecredito. Exija su respectivo recibo. <\/li>\n<\/ol>\n\n\n\n<figure class=\"wp-block-image size-large\"><img data-recalc-dims=\"1\" loading=\"lazy\" decoding=\"async\" width=\"800\" height=\"35\" src=\"https:\/\/i0.wp.com\/ateneapapeleria.com\/wp-content\/uploads\/2024\/03\/banner-extra-1024x45.jpg?resize=800%2C35&#038;ssl=1\" alt=\"\" class=\"wp-image-2973\" srcset=\"https:\/\/i0.wp.com\/ateneapapeleria.com\/wp-content\/uploads\/2024\/03\/banner-extra.jpg?resize=1024%2C45&amp;ssl=1 1024w, https:\/\/i0.wp.com\/ateneapapeleria.com\/wp-content\/uploads\/2024\/03\/banner-extra.jpg?resize=300%2C13&amp;ssl=1 300w, https:\/\/i0.wp.com\/ateneapapeleria.com\/wp-content\/uploads\/2024\/03\/banner-extra.jpg?resize=768%2C34&amp;ssl=1 768w, https:\/\/i0.wp.com\/ateneapapeleria.com\/wp-content\/uploads\/2024\/03\/banner-extra.jpg?resize=1536%2C67&amp;ssl=1 1536w, https:\/\/i0.wp.com\/ateneapapeleria.com\/wp-content\/uploads\/2024\/03\/banner-extra.jpg?resize=2048%2C90&amp;ssl=1 2048w, https:\/\/i0.wp.com\/ateneapapeleria.com\/wp-content\/uploads\/2024\/03\/banner-extra.jpg?resize=1320%2C58&amp;ssl=1 1320w, https:\/\/i0.wp.com\/ateneapapeleria.com\/wp-content\/uploads\/2024\/03\/banner-extra.jpg?resize=600%2C26&amp;ssl=1 600w, https:\/\/i0.wp.com\/ateneapapeleria.com\/wp-content\/uploads\/2024\/03\/banner-extra.jpg?w=1600&amp;ssl=1 1600w, https:\/\/i0.wp.com\/ateneapapeleria.com\/wp-content\/uploads\/2024\/03\/banner-extra.jpg?w=2400&amp;ssl=1 2400w\" sizes=\"auto, (max-width: 800px) 100vw, 800px\" \/><\/figure>\n\n\n\n<p>Sistecr\u00e9dito S.A.S, ofrece un cr\u00e9dito de consumo a una tasa de inter\u00e9s por debajo de la m\u00e1xima legal establecida para cada per\u00edodo por la Superintendencia Financiera de Colombia, y que se calcula a partir de la certificaci\u00f3n que mensualmente expide dicha Superintendencia.<br><\/p>\n\n\n\n<p>SI A\u00daN NO ERES PARTE DE SISTECR\u00c9DITO, TE INVITAMOS A REALIZAR TU ESTUDIO DE CR\u00c9DITO. <\/p>\n\n\n\n<p>www.sistecredito.com <\/p>\n\n\n\n<p><a href=\"https:\/\/personas.credinet.co\/login?register=true\">https:\/\/personas.credinet.co\/login?register=true<\/a><\/p>\n\n\n\n<p>\u00a1<strong>Es f\u00e1cil y r\u00e1pido<\/strong>!<\/p>\n\n\n\n<figure class=\"wp-block-image size-full is-resized\"><img data-recalc-dims=\"1\" loading=\"lazy\" decoding=\"async\" width=\"524\" height=\"655\" src=\"https:\/\/i0.wp.com\/ateneapapeleria.com\/wp-content\/uploads\/2024\/03\/phone-1.png?resize=524%2C655&#038;ssl=1\" alt=\"\" class=\"wp-image-2945\" style=\"width:368px;height:auto\" srcset=\"https:\/\/i0.wp.com\/ateneapapeleria.com\/wp-content\/uploads\/2024\/03\/phone-1.png?w=524&amp;ssl=1 524w, https:\/\/i0.wp.com\/ateneapapeleria.com\/wp-content\/uploads\/2024\/03\/phone-1.png?resize=240%2C300&amp;ssl=1 240w\" sizes=\"auto, (max-width: 524px) 100vw, 524px\" \/><\/figure>\n\n\n\n<p>Para adquirir el cr\u00e9dito, usted deber\u00e1 suscribir un pagar\u00e9 donde se encuentra toda la informaci\u00f3n relativa al monto financiado y las condiciones del cr\u00e9dito otorgado. Usted puede diferir el pago de su cr\u00e9dito en las diferentes cuotas ofrecidas, a su escogencia. www.sistecredito.com<\/p>\n\n\n\n<p><\/p>\n\n\n\n<figure class=\"wp-block-image size-full\"><img data-recalc-dims=\"1\" loading=\"lazy\" decoding=\"async\" width=\"800\" height=\"485\" src=\"https:\/\/i0.wp.com\/ateneapapeleria.com\/wp-content\/uploads\/2024\/03\/sistecredito-edited-1024x621-1.jpg?resize=800%2C485&#038;ssl=1\" alt=\"\" class=\"wp-image-2946\" srcset=\"https:\/\/i0.wp.com\/ateneapapeleria.com\/wp-content\/uploads\/2024\/03\/sistecredito-edited-1024x621-1.jpg?w=1024&amp;ssl=1 1024w, https:\/\/i0.wp.com\/ateneapapeleria.com\/wp-content\/uploads\/2024\/03\/sistecredito-edited-1024x621-1.jpg?resize=300%2C182&amp;ssl=1 300w, https:\/\/i0.wp.com\/ateneapapeleria.com\/wp-content\/uploads\/2024\/03\/sistecredito-edited-1024x621-1.jpg?resize=768%2C466&amp;ssl=1 768w, https:\/\/i0.wp.com\/ateneapapeleria.com\/wp-content\/uploads\/2024\/03\/sistecredito-edited-1024x621-1.jpg?resize=600%2C364&amp;ssl=1 600w\" sizes=\"auto, (max-width: 800px) 100vw, 800px\" \/><\/figure>\n\n\n\n<p><a href=\"https:\/\/personas.credinet.co\/login?register=true\">https:\/\/personas.credinet.co\/login?register=true<\/a><\/p>\n","protected":false},"excerpt":{"rendered":"<p>Lleva tus productos, y p\u00e1galos en cuotas hasta por 4 meses. En ATENEA PAPELER\u00cdA puedes realizar tus compras con Sistecr\u00e9dito.<\/p>\n","protected":false},"author":2,"featured_media":0,"parent":0,"menu_order":0,"comment_status":"closed","ping_status":"closed","template":"","meta":{"colormag_page_layout":"default_layout","footnotes":""},"class_list":["post-2880","page","type-page","status-publish","hentry"],"aioseo_notices":[],"jetpack-related-posts":[],"jetpack_sharing_enabled":true,"_links":{"self":[{"href":"https:\/\/ateneapapeleria.com\/index.php\/wp-json\/wp\/v2\/pages\/2880","targetHints":{"allow":["GET"]}}],"collection":[{"href":"https:\/\/ateneapapeleria.com\/index.php\/wp-json\/wp\/v2\/pages"}],"about":[{"href":"https:\/\/ateneapapeleria.com\/index.php\/wp-json\/wp\/v2\/types\/page"}],"author":[{"embeddable":true,"href":"https:\/\/ateneapapeleria.com\/index.php\/wp-json\/wp\/v2\/users\/2"}],"replies":[{"embeddable":true,"href":"https:\/\/ateneapapeleria.com\/index.php\/wp-json\/wp\/v2\/comments?post=2880"}],"version-history":[{"count":7,"href":"https:\/\/ateneapapeleria.com\/index.php\/wp-json\/wp\/v2\/pages\/2880\/revisions"}],"predecessor-version":[{"id":3153,"href":"https:\/\/ateneapapeleria.com\/index.php\/wp-json\/wp\/v2\/pages\/2880\/revisions\/3153"}],"wp:attachment":[{"href":"https:\/\/ateneapapeleria.com\/index.php\/wp-json\/wp\/v2\/media?parent=2880"}],"curies":[{"name":"wp","href":"https:\/\/api.w.org\/{rel}","templated":true}]}}